{"id":219,"date":"2026-02-26T10:13:09","date_gmt":"2026-02-26T09:13:09","guid":{"rendered":"https:\/\/este11.hu\/?page_id=219"},"modified":"2026-03-04T16:18:02","modified_gmt":"2026-03-04T15:18:02","slug":"eskuvo-az-este11-kertjeben","status":"publish","type":"page","link":"https:\/\/este11.hu\/en\/eskuvo-az-este11-kertjeben\/","title":{"rendered":"Esk\u00fcv\u0151"},"content":{"rendered":"<div id=\"intro\"  data-column-margin=\"default\" data-midnight=\"light\" data-top-percent=\"4%\" data-bottom-percent=\"4%\"  class=\"wpb_row vc_row-fluid vc_row full-width-section\"  style=\"padding-top: calc(100vw * 0.04); padding-bottom: calc(100vw * 0.04); \"><div class=\"row-bg-wrap\" data-bg-animation=\"none\" data-bg-animation-delay=\"\" data-bg-overlay=\"true\"><div class=\"inner-wrap row-bg-layer using-image\" ><div class=\"row-bg viewport-desktop using-image using-bg-color\"  style=\"background-image: url(https:\/\/este11.hu\/wp-content\/uploads\/2026\/02\/este11-budapest-kerthelyseg-eskovore.jpg); background-position: center center; background-repeat: no-repeat; background-color: #cbcbc3; \"><\/div><\/div><div class=\"row-bg-overlay row-bg-layer\" style=\"background: rgba(255,255,255,0.001); background: linear-gradient(45deg,rgba(255,255,255,0.001) 0%,#151519 100%);  opacity: 1; \"><\/div><\/div><div class=\"row_col_wrap_12 col span_12 light left\">\n\t<div  class=\"vc_col-sm-6 wpb_column column_container vc_column_container col no-extra-padding inherit_tablet inherit_phone\"  data-padding-pos=\"all\" data-has-bg-color=\"false\" data-bg-color=\"\" data-bg-opacity=\"1\" data-animation=\"\" data-delay=\"0\" >\n\t\t<div class=\"vc_column-inner\" >\n\t\t\t<div class=\"wpb_wrapper\">\n\t\t\t\t<div id=\"fws_6a06e0bf04867\" data-midnight=\"\" data-column-margin=\"default\" class=\"wpb_row vc_row-fluid vc_row inner_row\"  style=\"\"><div class=\"row-bg-wrap\"> <div class=\"row-bg\" ><\/div> <\/div><div class=\"row_col_wrap_12_inner col span_12  left\">\n\t<div  class=\"vc_col-sm-12 wpb_column column_container vc_column_container col child_column has-animation no-extra-padding inherit_tablet inherit_phone\"   data-padding-pos=\"all\" data-has-bg-color=\"false\" data-bg-color=\"\" data-bg-opacity=\"1\" data-animation=\"fade-in-from-bottom\" data-delay=\"0\" >\n\t\t<div class=\"vc_column-inner\" >\n\t\t<div class=\"wpb_wrapper\">\n\t\t\t\n\t\t<\/div> \n\t<\/div>\n\t<\/div> \n<\/div><\/div>\n\t\t\t<\/div> \n\t\t<\/div>\n\t<\/div> \n\n\t<div style=\"\" class=\"vc_col-sm-6 wpb_column column_container vc_column_container col padding-4-percent inherit_tablet inherit_phone\" data-using-bg=\"true\" data-padding-pos=\"all\" data-has-bg-color=\"true\" data-bg-color=\"#ffffff\" data-bg-opacity=\"1\" data-animation=\"\" data-delay=\"0\" >\n\t\t<div class=\"vc_column-inner\" ><div class=\"column-bg-overlay-wrap column-bg-layer\" data-bg-animation=\"none\"><div class=\"column-bg-overlay\" style=\"opacity: 1; background-color: #ffffff;\"><\/div><\/div>\n\t\t\t<div class=\"wpb_wrapper\">\n\t\t\t\t<div class=\"nectar-split-heading  font_size_3vw\" data-align=\"default\" data-m-align=\"inherit\" data-text-effect=\"default\" data-animation-type=\"line-reveal-by-space\" data-animation-delay=\"0\" data-animation-offset=\"\" data-m-rm-animation=\"\" data-stagger=\"true\" data-custom-font-size=\"true\" style=\"font-size: 3vw; line-height: 3.3vw;\"><h2 style=\" color: #000000;\">Esk\u00fcv\u0151i helysz\u00edn Budapesten, term\u00e9szetk\u00f6zeli hangulattal<\/h2><\/div>\n<div class=\"wpb_text_column wpb_content_element\" >\n\t<div class=\"wpb_wrapper\">\n\t\t<p><span style=\"color: #333333;\">Az Este11 esk\u00fcv\u0151i helysz\u00edn azoknak sz\u00f3l, akik nem egy steril rendezv\u00e9nytermet keresnek, hanem egy <strong>z\u00f6ld, \u00e1rnyas, eldugott kerthelyis\u00e9get Budapesten<\/strong>.<\/span><\/p>\n<p><span style=\"color: #333333;\">A helysz\u00edn rugalmasan alak\u00edthat\u00f3: lehet <strong>meghitt, kis l\u00e9tsz\u00e1m\u00fa \u00fcnnepl\u00e9s<\/strong>, de ak\u00e1r nagyobb esk\u00fcv\u0151 is \u2013 a <strong>kapacit\u00e1s ig\u00e9ny szerint szervezhet\u0151, ak\u00e1r 200 f\u0151ig<\/strong>.\u00a0<\/span><\/p>\n\t<\/div>\n<\/div>\n\n\n\n<a class=\"nectar-button large see-through extra-color-1\"  role=\"button\" style=\"border-color: #ff8355; color: #ff8355;\"  href=\"mailto:este11foglalas@gmail.com\" data-color-override=\"#ff8355\" data-hover-color-override=\"false\" data-hover-text-color-override=\"#fff\"><span>\u00c9rdekel<\/span><\/a>\n\t\t\t<\/div> \n\t\t<\/div>\n\t<\/div> \n<\/div><\/div>\n\t\t<div id=\"services\"  data-column-margin=\"default\" data-midnight=\"dark\" data-top-percent=\"3%\" data-bottom-percent=\"3%\"  class=\"wpb_row vc_row-fluid vc_row full-width-section\"  style=\"padding-top: calc(100vw * 0.03); padding-bottom: calc(100vw * 0.03); \"><div class=\"row-bg-wrap\" data-bg-animation=\"none\" data-bg-animation-delay=\"\" data-bg-overlay=\"false\"><div class=\"inner-wrap row-bg-layer using-image\" ><div class=\"row-bg viewport-desktop using-image using-bg-color\"  style=\"background-image: url(https:\/\/este11.hu\/wp-content\/uploads\/2026\/02\/white-bg.jpg); background-position: center center; background-repeat: no-repeat; background-color: #151519; \"><\/div><\/div><\/div><div class=\"row_col_wrap_12 col span_12 dark left\">\n\t<div  class=\"vc_col-sm-6 wpb_column column_container vc_column_container col has-animation padding-1-percent inherit_tablet inherit_phone\"  data-padding-pos=\"all\" data-has-bg-color=\"false\" data-bg-color=\"\" data-bg-opacity=\"1\" data-animation=\"reveal-from-bottom\" data-delay=\"0\" >\n\t\t<div class=\"vc_column-inner\" >\n\t\t\t<div class=\"wpb_wrapper\">\n\t\t\t\t<div class=\"nectar-split-heading  font_size_3vw\" data-align=\"default\" data-m-align=\"inherit\" data-text-effect=\"default\" data-animation-type=\"line-reveal-by-space\" data-animation-delay=\"0\" data-animation-offset=\"\" data-m-rm-animation=\"\" data-stagger=\"true\" data-custom-font-size=\"true\" style=\"font-size: 3vw; line-height: 3.3vw;\"><h2 style=\" color: #000000;\">Mi\u00e9rt szerethet\u0151 esk\u00fcv\u0151i helysz\u00edn az Este11 kertje?<\/h2><\/div>\n<div class=\"wpb_text_column wpb_content_element\" >\n\t<div class=\"wpb_wrapper\">\n\t\t<ul>\n<li data-start=\"478\" data-end=\"570\">\n<p data-start=\"480\" data-end=\"570\"><span style=\"color: #333333;\">Csak kert \u2013 val\u00f3di szabadt\u00e9ri \u00e9lm\u00e9ny: \u00e1rnyas f\u00e1k, z\u00f6ld k\u00f6rnyezet, term\u00e9szetes f\u00e9nyek<\/span><\/p>\n<\/li>\n<li data-start=\"571\" data-end=\"654\">\n<p data-start=\"573\" data-end=\"654\"><span style=\"color: #333333;\">Ak\u00e1r 200 f\u0151 befogad\u00e1s: a l\u00e9tsz\u00e1mhoz \u00e9s a programhoz igaz\u00edtjuk a berendez\u00e9st<\/span><\/p>\n<\/li>\n<li data-start=\"655\" data-end=\"730\">\n<p data-start=\"657\" data-end=\"730\"><span style=\"color: #333333;\">Fot\u00f3bar\u00e1t hangulat: z\u00f6ld h\u00e1tterek, esti f\u00e9nyek, \u201cgarden party\u201d vibe<\/span><\/p>\n<\/li>\n<li data-start=\"731\" data-end=\"816\">\n<p data-start=\"733\" data-end=\"816\"><span style=\"color: #333333;\">Rugalmas forgat\u00f3k\u00f6nyv: szertart\u00e1s, vacsora \u00e9s \u00fcnnepl\u00e9s ugyanazon a helysz\u00ednen<\/span><\/p>\n<\/li>\n<li data-start=\"817\" data-end=\"915\">\n<p data-start=\"819\" data-end=\"915\"><span style=\"color: #333333;\">Szem\u00e9lyre szabhat\u00f3 megold\u00e1sok: dekor, men\u00fc\/ital koncepci\u00f3, id\u0151z\u00edt\u00e9s, szolg\u00e1ltat\u00f3i egyeztet\u00e9s<\/span><\/p>\n<\/li>\n<\/ul>\n\t<\/div>\n<\/div>\n\n\n\n<a class=\"nectar-button large see-through extra-color-1\"  role=\"button\" style=\"border-color: #ff8355; color: #ff8355;\"  href=\"mailto:este11foglalas@gmail.com\" data-color-override=\"#ff8355\" data-hover-color-override=\"false\" data-hover-text-color-override=\"#fff\"><span>\u00c9rdekel<\/span><\/a>\n\t\t\t<\/div> \n\t\t<\/div>\n\t<\/div> \n\n\t<div  class=\"vc_col-sm-6 wpb_column column_container vc_column_container col has-animation padding-1-percent inherit_tablet inherit_phone\"  data-padding-pos=\"all\" data-has-bg-color=\"false\" data-bg-color=\"\" data-bg-opacity=\"1\" data-animation=\"reveal-from-bottom\" data-delay=\"200\" >\n\t\t<div class=\"vc_column-inner\" >\n\t\t\t<div class=\"wpb_wrapper\">\n\t\t\t\t<div class=\"img-with-aniamtion-wrap center\" data-max-width=\"75%\" data-max-width-mobile=\"default\" data-shadow=\"none\" data-animation=\"none\" >\n      <div class=\"inner\">\n        <div class=\"hover-wrap\"> \n          <div class=\"hover-wrap-inner\">\n            <img loading=\"lazy\" decoding=\"async\" class=\"img-with-animation skip-lazy\" data-delay=\"0\" height=\"1877\" width=\"1200\" data-animation=\"none\" src=\"https:\/\/este11.hu\/wp-content\/uploads\/2026\/02\/este11-eskuvo.jpg\" alt=\"\" srcset=\"https:\/\/este11.hu\/wp-content\/uploads\/2026\/02\/este11-eskuvo.jpg 1200w, https:\/\/este11.hu\/wp-content\/uploads\/2026\/02\/este11-eskuvo-192x300.jpg 192w, https:\/\/este11.hu\/wp-content\/uploads\/2026\/02\/este11-eskuvo-655x1024.jpg 655w, https:\/\/este11.hu\/wp-content\/uploads\/2026\/02\/este11-eskuvo-768x1201.jpg 768w, https:\/\/este11.hu\/wp-content\/uploads\/2026\/02\/este11-eskuvo-982x1536.jpg 982w, https:\/\/este11.hu\/wp-content\/uploads\/2026\/02\/este11-eskuvo-8x12.jpg 8w\" sizes=\"auto, (max-width: 1200px) 100vw, 1200px\" \/>\n          <\/div>\n        <\/div>\n      <\/div>\n    <\/div>\n\t\t\t<\/div> \n\t\t<\/div>\n\t<\/div> \n<\/div><\/div>\n\t\t<div id=\"fws_6a06e0bf05cbb\"  data-column-margin=\"default\" data-midnight=\"dark\" data-top-percent=\"3%\" data-bottom-percent=\"3%\"  class=\"wpb_row vc_row-fluid vc_row full-width-content vc_row-o-equal-height vc_row-flex vc_row-o-content-middle  right_padding_tablet_8pct left_padding_tablet_8pct\"  style=\"padding-top: calc(100vw * 0.03); padding-bottom: calc(100vw * 0.03); \"><div class=\"row-bg-wrap\" data-bg-animation=\"none\" data-bg-animation-delay=\"\" data-bg-overlay=\"false\"><div class=\"inner-wrap row-bg-layer\" ><div class=\"row-bg viewport-desktop\"  style=\"\"><\/div><\/div><\/div><div class=\"row_col_wrap_12 col span_12 dark left\">\n\t<div  class=\"vc_col-sm-6 wpb_column column_container vc_column_container col no-extra-padding el_spacing_0px inherit_tablet inherit_phone\"  data-padding-pos=\"all\" data-has-bg-color=\"false\" data-bg-color=\"\" data-bg-opacity=\"1\" data-animation=\"\" data-delay=\"0\" >\n\t\t<div class=\"vc_column-inner\" >\n\t\t\t<div class=\"wpb_wrapper\">\n\t\t\t\t<div id=\"fws_6a06e0bf05ee5\" data-midnight=\"\" data-column-margin=\"default\" class=\"wpb_row vc_row-fluid vc_row inner_row  right_padding_20pct right_padding_tablet_10pct\"  style=\"\"><div class=\"row-bg-wrap\"> <div class=\"row-bg\" ><\/div> <\/div><div class=\"row_col_wrap_12_inner col span_12  left\">\n\t<div style=\"\" class=\"vc_col-sm-12 wpb_column column_container vc_column_container col child_column no-extra-padding inherit_tablet inherit_phone\"  data-using-bg=\"true\" data-bg-cover=\"true\" data-padding-pos=\"all\" data-has-bg-color=\"false\" data-bg-color=\"\" data-bg-opacity=\"1\" data-animation=\"\" data-delay=\"0\" >\n\t\t<div class=\"vc_column-inner\" ><div class=\"column-image-bg-wrap column-bg-layer viewport-desktop\" data-n-parallax-bg=\"true\" data-parallax-speed=\"very_subtle\" data-bg-pos=\"center center\" data-bg-animation=\"none\" data-bg-overlay=\"false\"><div class=\"inner-wrap\"><div class=\"column-image-bg parallax-layer\" style=\" background-image: url('https:\/\/este11.hu\/wp-content\/uploads\/2026\/02\/IMG_0542.jpg'); \"><\/div><\/div><\/div>\n\t\t<div class=\"wpb_wrapper\">\n\t\t\t<div class=\"divider-wrap height_tablet_70vh height_phone_60vh\" data-alignment=\"default\"><div style=\"height: 90vh;\" class=\"divider\"><\/div><\/div>\n\t\t<\/div> \n\t<\/div>\n\t<\/div> \n<\/div><\/div><div id=\"fws_6a06e0bf0636a\" data-midnight=\"\" data-column-margin=\"default\" class=\"wpb_row vc_row-fluid vc_row inner_row  min_width_desktop_40pct row_position_absolute top_position_desktop_50pct right_position_desktop_0px translate_y_-50pct\"  style=\" z-index: 50;\"><div class=\"row-bg-wrap\"> <div class=\"row-bg\" ><\/div> <\/div><div class=\"row_col_wrap_12_inner col span_12  left\">\n\t<div style=\"\" class=\"vc_col-sm-12 wpb_column column_container vc_column_container col child_column no-extra-padding inherit_tablet inherit_phone\"  data-using-bg=\"true\" data-shadow=\"x_large_depth\" data-bg-cover=\"true\" data-padding-pos=\"all\" data-has-bg-color=\"false\" data-bg-color=\"\" data-bg-opacity=\"1\" data-animation=\"\" data-delay=\"0\" data-scroll-animation=\"true\" data-scroll-animation-movement=\"default\" data-scroll-animation-mobile=\"true\" data-scroll-animation-intensity=\"2.25\" >\n\t\t<div class=\"vc_column-inner\" ><div class=\"column-image-bg-wrap column-bg-layer viewport-desktop\" data-n-parallax-bg=\"true\" data-parallax-speed=\"very_subtle\" data-bg-pos=\"right bottom\" data-bg-animation=\"none\" data-bg-overlay=\"false\"><div class=\"inner-wrap\"><div class=\"column-image-bg parallax-layer\" style=\" background-image: url('https:\/\/este11.hu\/wp-content\/uploads\/2026\/02\/IMG_0351.jpg'); \"><\/div><\/div><\/div><div class=\"column-bg-overlay-wrap column-bg-layer\" data-bg-animation=\"none\"><div class=\"column-bg-overlay\"><\/div><\/div>\n\t\t<div class=\"wpb_wrapper\">\n\t\t\t<div class=\"divider-wrap height_tablet_40vh height_phone_35vh\" data-alignment=\"default\"><div style=\"height: 50vh;\" class=\"divider\"><\/div><\/div>\n\t\t<\/div> \n\t<\/div>\n\t<\/div> \n<\/div><\/div>\n\t\t\t<\/div> \n\t\t<\/div>\n\t<\/div> \n\n\t<div  class=\"vc_col-sm-6 wpb_column column_container vc_column_container col padding-8-percent no-extra-padding_tablet no-extra-padding_phone\"  data-padding-pos=\"all\" data-has-bg-color=\"false\" data-bg-color=\"\" data-bg-opacity=\"1\" data-animation=\"\" data-delay=\"0\" >\n\t\t<div class=\"vc_column-inner\" >\n\t\t\t<div class=\"wpb_wrapper\">\n\t\t\t\t<div class=\"nectar-split-heading  font_size_3vw\" data-align=\"default\" data-m-align=\"inherit\" data-text-effect=\"default\" data-animation-type=\"line-reveal-by-space\" data-animation-delay=\"0\" data-animation-offset=\"\" data-m-rm-animation=\"\" data-stagger=\"true\" data-custom-font-size=\"true\" style=\"font-size: 3vw; line-height: 3.3vw;\"><h2 style=\" color: #000000;\">Esk\u00fcv\u0151 a kertben: szertart\u00e1s, vacsora, \u00fcnnepl\u00e9s egy helyen<\/h2><\/div><div id=\"fws_6a06e0bf06929\" data-midnight=\"\" data-column-margin=\"none\" class=\"wpb_row vc_row-fluid vc_row inner_row\"  style=\"\"><div class=\"row-bg-wrap\"> <div class=\"row-bg\" ><\/div> <\/div><div class=\"row_col_wrap_12_inner col span_12  left\">\n\t<div  class=\"vc_col-sm-12 wpb_column column_container vc_column_container col child_column has-animation no-extra-padding inherit_tablet inherit_phone\"   data-padding-pos=\"all\" data-has-bg-color=\"false\" data-bg-color=\"\" data-bg-opacity=\"1\" data-animation=\"fade-in-from-bottom\" data-delay=\"0\" >\n\t\t<div class=\"vc_column-inner\" >\n\t\t<div class=\"wpb_wrapper\">\n\t\t\t\n<div class=\"wpb_text_column wpb_content_element\" >\n\t<div class=\"wpb_wrapper\">\n\t\t<p>A kerthelyis\u00e9ges esk\u00fcv\u0151 egyik legnagyobb el\u0151nye, hogy az eg\u00e9sz nap term\u00e9szetes, felszabadult hangulatban telik. A szertart\u00e1s lehet meghitt \u00e9s intim a f\u00e1k alatt, a vacsora pedig a sz\u00e1motokra ide\u00e1lis elrendez\u00e9sben t\u00f6rt\u00e9nhet. Az esti r\u00e9szhez hangulatvil\u00e1g\u00edt\u00e1ssal, gyertyaf\u00e9nyes vagy f\u00fcz\u00e9rf\u00e9nyes megold\u00e1sokkal tudjuk m\u00e9g eml\u00e9kezetesebb\u00e9 tenni a teret.<\/p>\n\t<\/div>\n<\/div>\n\n\n\n\n\t\t<\/div> \n\t<\/div>\n\t<\/div> \n<\/div><\/div><div id=\"fws_6a06e0bf06bec\" data-midnight=\"\" data-column-margin=\"default\" class=\"wpb_row vc_row-fluid vc_row inner_row  row_position_absolute\"  style=\"padding-top: 30px; \"><div class=\"row-bg-wrap\"> <div class=\"row-bg\" ><\/div> <\/div><div class=\"row_col_wrap_12_inner col span_12  left\">\n\t<div  class=\"vc_col-sm-12 wpb_column column_container vc_column_container col child_column has-animation no-extra-padding inherit_tablet inherit_phone\"   data-padding-pos=\"all\" data-has-bg-color=\"false\" data-bg-color=\"\" data-bg-opacity=\"1\" data-animation=\"fade-in-from-bottom\" data-delay=\"0\" >\n\t\t<div class=\"vc_column-inner\" >\n\t\t<div class=\"wpb_wrapper\">\n\t\t\t<div class=\"nectar-badge nectar-inherit-label nectar-display-inline text-color-1e1c1c padding-amount-medium badge-style-default\" style=\"margin-right: 15px; margin-bottom: 15px; \" data-bg-color-custom=\"#efefef\"><div class=\"nectar-badge__inner\">\u00dcltetett vacsora<\/div><\/div><div class=\"nectar-badge nectar-inherit-label nectar-display-inline text-color-1e1c1c padding-amount-medium badge-style-default\" style=\"margin-right: 15px; margin-bottom: 15px; \" data-bg-color-custom=\"#efefef\"><div class=\"nectar-badge__inner\">\u00c1ll\u00f3fogad\u00e1s \/ garden party<\/div><\/div><div class=\"nectar-badge nectar-inherit-label nectar-display-inline text-color-1e1c1c padding-amount-medium badge-style-default\" style=\"margin-right: 15px; margin-bottom: 15px; \" data-bg-color-custom=\"#efefef\"><div class=\"nectar-badge__inner\">200 f\u0151ig<\/div><\/div>\n\t\t<\/div> \n\t<\/div>\n\t<\/div> \n<\/div><\/div>\n\t\t\t<\/div> \n\t\t<\/div>\n\t<\/div> \n<\/div><\/div>","protected":false},"excerpt":{"rendered":"Esk\u00fcv\u0151i helysz\u00edn Budapesten, term\u00e9szetk\u00f6zeli hangulattal Az Este11 esk\u00fcv\u0151i helysz\u00edn azoknak sz\u00f3l, akik nem egy steril rendezv\u00e9nytermet keresnek, hanem egy z\u00f6ld, \u00e1rnyas, eldugott kerthelyis\u00e9get Budapesten. A helysz\u00edn rugalmasan alak\u00edthat\u00f3: lehet meghitt,...","protected":false},"author":1,"featured_media":0,"parent":0,"menu_order":0,"comment_status":"closed","ping_status":"closed","template":"","meta":{"footnotes":""},"class_list":["post-219","page","type-page","status-publish"],"yoast_head":"<!-- This site is optimized with the Yoast SEO plugin v26.9 - https:\/\/yoast.com\/product\/yoast-seo-wordpress\/ -->\n<title>Esk\u00fcv\u0151 - Este 11<\/title>\n<meta name=\"description\" content=\"Kerthelyis\u00e9ges esk\u00fcv\u0151 Budapesten \u2013 Este11Meta description: \u00c1rnyas, eldugott kerthelyis\u00e9g ak\u00e1r 200 f\u0151ig. Szertart\u00e1s \u00e9s \u00fcnnepl\u00e9s a kertben. D\u00e1tum egyeztet\u00e9s \u00e9s aj\u00e1nlatk\u00e9r\u00e9s: Este\" \/>\n<meta name=\"robots\" content=\"index, follow, max-snippet:-1, max-image-preview:large, max-video-preview:-1\" \/>\n<link rel=\"canonical\" href=\"https:\/\/este11.hu\/en\/eskuvo-az-este11-kertjeben\/\" \/>\n<meta property=\"og:locale\" content=\"en_GB\" \/>\n<meta property=\"og:type\" content=\"article\" \/>\n<meta property=\"og:title\" content=\"Esk\u00fcv\u0151 - Este 11\" \/>\n<meta property=\"og:description\" content=\"Kerthelyis\u00e9ges esk\u00fcv\u0151 Budapesten \u2013 Este11Meta description: \u00c1rnyas, eldugott kerthelyis\u00e9g ak\u00e1r 200 f\u0151ig. Szertart\u00e1s \u00e9s \u00fcnnepl\u00e9s a kertben. D\u00e1tum egyeztet\u00e9s \u00e9s aj\u00e1nlatk\u00e9r\u00e9s: Este\" \/>\n<meta property=\"og:url\" content=\"https:\/\/este11.hu\/en\/eskuvo-az-este11-kertjeben\/\" \/>\n<meta property=\"og:site_name\" content=\"Este 11\" \/>\n<meta property=\"article:modified_time\" content=\"2026-03-04T15:18:02+00:00\" \/>\n<meta name=\"twitter:card\" content=\"summary_large_image\" \/>\n<meta name=\"twitter:label1\" content=\"Estimated reading time\" \/>\n\t<meta name=\"twitter:data1\" content=\"3 minutes\" \/>\n<script type=\"application\/ld+json\" class=\"yoast-schema-graph\">{\"@context\":\"https:\/\/schema.org\",\"@graph\":[{\"@type\":\"WebPage\",\"@id\":\"https:\/\/este11.hu\/eskuvo-az-este11-kertjeben\/\",\"url\":\"https:\/\/este11.hu\/eskuvo-az-este11-kertjeben\/\",\"name\":\"Esk\u00fcv\u0151 - Este 11\",\"isPartOf\":{\"@id\":\"https:\/\/este11.hu\/#website\"},\"datePublished\":\"2026-02-26T09:13:09+00:00\",\"dateModified\":\"2026-03-04T15:18:02+00:00\",\"description\":\"Kerthelyis\u00e9ges esk\u00fcv\u0151 Budapesten \u2013 Este11Meta description: \u00c1rnyas, eldugott kerthelyis\u00e9g ak\u00e1r 200 f\u0151ig. Szertart\u00e1s \u00e9s \u00fcnnepl\u00e9s a kertben. D\u00e1tum egyeztet\u00e9s \u00e9s aj\u00e1nlatk\u00e9r\u00e9s: Este\",\"breadcrumb\":{\"@id\":\"https:\/\/este11.hu\/eskuvo-az-este11-kertjeben\/#breadcrumb\"},\"inLanguage\":\"en-GB\",\"potentialAction\":[{\"@type\":\"ReadAction\",\"target\":[\"https:\/\/este11.hu\/eskuvo-az-este11-kertjeben\/\"]}]},{\"@type\":\"BreadcrumbList\",\"@id\":\"https:\/\/este11.hu\/eskuvo-az-este11-kertjeben\/#breadcrumb\",\"itemListElement\":[{\"@type\":\"ListItem\",\"position\":1,\"name\":\"Kezd\u0151lap\",\"item\":\"https:\/\/este11.hu\/\"},{\"@type\":\"ListItem\",\"position\":2,\"name\":\"Esk\u00fcv\u0151\"}]},{\"@type\":\"WebSite\",\"@id\":\"https:\/\/este11.hu\/#website\",\"url\":\"https:\/\/este11.hu\/\",\"name\":\"Este 11\",\"description\":\"Nappal kerthelyis\u00e9g, \u00e9jszaka sz\u00f3rakoz\u00f3kert DJ-vel, szuper hangulattal a Feneketlen t\u00f3n\u00e1l!\",\"potentialAction\":[{\"@type\":\"SearchAction\",\"target\":{\"@type\":\"EntryPoint\",\"urlTemplate\":\"https:\/\/este11.hu\/?s={search_term_string}\"},\"query-input\":{\"@type\":\"PropertyValueSpecification\",\"valueRequired\":true,\"valueName\":\"search_term_string\"}}],\"inLanguage\":\"en-GB\"}]}<\/script>\n<!-- \/ Yoast SEO plugin. -->","yoast_head_json":{"title":"Esk\u00fcv\u0151 - Este 11","description":"Kerthelyis\u00e9ges esk\u00fcv\u0151 Budapesten \u2013 Este11Meta description: \u00c1rnyas, eldugott kerthelyis\u00e9g ak\u00e1r 200 f\u0151ig. Szertart\u00e1s \u00e9s \u00fcnnepl\u00e9s a kertben. D\u00e1tum egyeztet\u00e9s \u00e9s aj\u00e1nlatk\u00e9r\u00e9s: Este","robots":{"index":"index","follow":"follow","max-snippet":"max-snippet:-1","max-image-preview":"max-image-preview:large","max-video-preview":"max-video-preview:-1"},"canonical":"https:\/\/este11.hu\/en\/eskuvo-az-este11-kertjeben\/","og_locale":"en_GB","og_type":"article","og_title":"Esk\u00fcv\u0151 - Este 11","og_description":"Kerthelyis\u00e9ges esk\u00fcv\u0151 Budapesten \u2013 Este11Meta description: \u00c1rnyas, eldugott kerthelyis\u00e9g ak\u00e1r 200 f\u0151ig. Szertart\u00e1s \u00e9s \u00fcnnepl\u00e9s a kertben. D\u00e1tum egyeztet\u00e9s \u00e9s aj\u00e1nlatk\u00e9r\u00e9s: Este","og_url":"https:\/\/este11.hu\/en\/eskuvo-az-este11-kertjeben\/","og_site_name":"Este 11","article_modified_time":"2026-03-04T15:18:02+00:00","twitter_card":"summary_large_image","twitter_misc":{"Estimated reading time":"3 minutes"},"schema":{"@context":"https:\/\/schema.org","@graph":[{"@type":"WebPage","@id":"https:\/\/este11.hu\/eskuvo-az-este11-kertjeben\/","url":"https:\/\/este11.hu\/eskuvo-az-este11-kertjeben\/","name":"Esk\u00fcv\u0151 - Este 11","isPartOf":{"@id":"https:\/\/este11.hu\/#website"},"datePublished":"2026-02-26T09:13:09+00:00","dateModified":"2026-03-04T15:18:02+00:00","description":"Kerthelyis\u00e9ges esk\u00fcv\u0151 Budapesten \u2013 Este11Meta description: \u00c1rnyas, eldugott kerthelyis\u00e9g ak\u00e1r 200 f\u0151ig. Szertart\u00e1s \u00e9s \u00fcnnepl\u00e9s a kertben. D\u00e1tum egyeztet\u00e9s \u00e9s aj\u00e1nlatk\u00e9r\u00e9s: Este","breadcrumb":{"@id":"https:\/\/este11.hu\/eskuvo-az-este11-kertjeben\/#breadcrumb"},"inLanguage":"en-GB","potentialAction":[{"@type":"ReadAction","target":["https:\/\/este11.hu\/eskuvo-az-este11-kertjeben\/"]}]},{"@type":"BreadcrumbList","@id":"https:\/\/este11.hu\/eskuvo-az-este11-kertjeben\/#breadcrumb","itemListElement":[{"@type":"ListItem","position":1,"name":"Kezd\u0151lap","item":"https:\/\/este11.hu\/"},{"@type":"ListItem","position":2,"name":"Esk\u00fcv\u0151"}]},{"@type":"WebSite","@id":"https:\/\/este11.hu\/#website","url":"https:\/\/este11.hu\/","name":"Este 11","description":"Nappal kerthelyis\u00e9g, \u00e9jszaka sz\u00f3rakoz\u00f3kert DJ-vel, szuper hangulattal a Feneketlen t\u00f3n\u00e1l!","potentialAction":[{"@type":"SearchAction","target":{"@type":"EntryPoint","urlTemplate":"https:\/\/este11.hu\/?s={search_term_string}"},"query-input":{"@type":"PropertyValueSpecification","valueRequired":true,"valueName":"search_term_string"}}],"inLanguage":"en-GB"}]}},"_links":{"self":[{"href":"https:\/\/este11.hu\/en\/wp-json\/wp\/v2\/pages\/219","targetHints":{"allow":["GET"]}}],"collection":[{"href":"https:\/\/este11.hu\/en\/wp-json\/wp\/v2\/pages"}],"about":[{"href":"https:\/\/este11.hu\/en\/wp-json\/wp\/v2\/types\/page"}],"author":[{"embeddable":true,"href":"https:\/\/este11.hu\/en\/wp-json\/wp\/v2\/users\/1"}],"replies":[{"embeddable":true,"href":"https:\/\/este11.hu\/en\/wp-json\/wp\/v2\/comments?post=219"}],"version-history":[{"count":14,"href":"https:\/\/este11.hu\/en\/wp-json\/wp\/v2\/pages\/219\/revisions"}],"predecessor-version":[{"id":239,"href":"https:\/\/este11.hu\/en\/wp-json\/wp\/v2\/pages\/219\/revisions\/239"}],"wp:attachment":[{"href":"https:\/\/este11.hu\/en\/wp-json\/wp\/v2\/media?parent=219"}],"curies":[{"name":"wp","href":"https:\/\/api.w.org\/{rel}","templated":true}]}}